{"id":501,"date":"2021-01-30T15:42:24","date_gmt":"2021-01-30T20:42:24","guid":{"rendered":"https:\/\/skykitchen.co\/?page_id=501"},"modified":"2021-10-11T14:05:25","modified_gmt":"2021-10-11T19:05:25","slug":"directions","status":"publish","type":"page","link":"https:\/\/skykitchen.co\/es\/directions\/","title":{"rendered":"Ubicaci\u00f3n"},"content":{"rendered":"<div data-elementor-type=\"wp-page\" data-elementor-id=\"501\" class=\"elementor elementor-501\">\n\t\t\t\t\t\t<section class=\"elementor-section elementor-top-section elementor-element elementor-element-ede6f42 elementor-section-boxed elementor-section-height-default elementor-section-height-default\" data-id=\"ede6f42\" data-element_type=\"section\" data-settings=\"{&quot;background_background&quot;:&quot;classic&quot;}\">\n\t\t\t\t\t\t\t<div class=\"elementor-background-overlay\"><\/div>\n\t\t\t\t\t\t\t<div class=\"elementor-container elementor-column-gap-default\">\n\t\t\t\t\t<div class=\"elementor-column elementor-col-100 elementor-top-column elementor-element elementor-element-bc6a053\" data-id=\"bc6a053\" data-element_type=\"column\">\n\t\t\t<div class=\"elementor-widget-wrap elementor-element-populated\">\n\t\t\t\t\t\t<div class=\"elementor-element elementor-element-32a6ad1b elementor-widget elementor-widget-heading\" data-id=\"32a6ad1b\" data-element_type=\"widget\" data-widget_type=\"heading.default\">\n\t\t\t\t<div class=\"elementor-widget-container\">\n\t\t\t\t\t<h1 class=\"elementor-heading-title elementor-size-default\">Ubicaci\u00f3n<\/h1>\t\t\t\t<\/div>\n\t\t\t\t<\/div>\n\t\t\t\t\t<\/div>\n\t\t<\/div>\n\t\t\t\t\t<\/div>\n\t\t<\/section>\n\t\t\t\t<section class=\"elementor-section elementor-top-section elementor-element elementor-element-29b02a85 elementor-section-content-top elementor-section-boxed elementor-section-height-default elementor-section-height-default\" data-id=\"29b02a85\" data-element_type=\"section\">\n\t\t\t\t\t\t<div class=\"elementor-container elementor-column-gap-no\">\n\t\t\t\t\t<div class=\"elementor-column elementor-col-100 elementor-top-column elementor-element elementor-element-30c96c92\" data-id=\"30c96c92\" data-element_type=\"column\">\n\t\t\t<div class=\"elementor-widget-wrap elementor-element-populated\">\n\t\t\t\t\t\t<div class=\"elementor-element elementor-element-e8e2a9b elementor-widget elementor-widget-heading\" data-id=\"e8e2a9b\" data-element_type=\"widget\" data-widget_type=\"heading.default\">\n\t\t\t\t<div class=\"elementor-widget-container\">\n\t\t\t\t\t<h3 class=\"elementor-heading-title elementor-size-default\">Direcci\u00f3n:<\/h3>\t\t\t\t<\/div>\n\t\t\t\t<\/div>\n\t\t\t\t<div class=\"elementor-element elementor-element-e91520f elementor-widget elementor-widget-text-editor\" data-id=\"e91520f\" data-element_type=\"widget\" data-widget_type=\"text-editor.default\">\n\t\t\t\t<div class=\"elementor-widget-container\">\n\t\t\t\t\t\t\t\t\t<p><span style=\"color: #8e8e8e; font-family: Raleway, sans-serif; font-size: 15px; font-style: normal; font-weight: 500; text-align: justify;\"><strong><br \/>SkyKitchen<\/strong><br \/>Calle del Estanco del Aguardiente 38 # 5 &#8211; 92<br \/>Centro<br \/>Cartagena<br \/>Bolivar \u2014 Colombia<\/span><\/p><p><span style=\"color: #ff0000; font-family: Raleway, sans-serif; font-size: 15px; font-style: normal; font-weight: 500; text-align: justify;\">Tip<\/span><span style=\"color: #8e8e8e; font-family: Raleway, sans-serif; font-size: 15px; font-style: normal; font-weight: 500; text-align: justify;\">: <br \/>en caso de usar una aplicaci\u00f3n de Taxi o Maps, mejor buscar por 'SkyKitchen' en vez de ingresar la direcci\u00f3n.<br \/><\/span><\/p><p><span style=\"font-size: 15px; font-family: Raleway, sans-serif; font-style: normal; font-weight: 500; text-align: justify; color: #ff0000;\"><span style=\"font-size: inherit;\">Importante<\/span><span style=\"font-size: inherit;\">:<br \/><\/span><\/span><span style=\"color: #8e8e8e; font-family: Raleway, sans-serif; font-size: 15px; font-style: normal; font-weight: 500; text-align: justify;\">La direcci\u00f3n de nuestro local tiene varios escrituras diferentes y todas son correctas.<br \/>La calle se llama \"Calle del Estanco del Aguardiente\". En el centro hist\u00f3rico las calles tienen nombres pero tambi\u00e9n un escritura con n\u00fameros. \"Calle 38\" es la misma calle. Existen los siguente escrituras de la direcci\u00f3n de nuestro local:<\/span><\/p><ul><li><span style=\"color: #8e8e8e; font-family: Raleway, sans-serif; font-size: 15px; font-style: normal; font-weight: 500; text-align: justify;\">Calle del Estanco del Aguardiente 38 # 5 &#8211; 92<\/span><\/li><li style=\"font-size: 16px;\"><span style=\"font-size: 15px; font-style: normal; font-weight: 500; color: #8e8e8e; font-family: Raleway, sans-serif; text-align: justify;\">Calle del Estanco del Aguardiente # 5 &#8211; 92<\/span><\/li><li style=\"font-size: 16px;\"><span style=\"font-size: 15px; font-style: normal; font-weight: 500; color: #8e8e8e; font-family: Raleway, sans-serif; text-align: justify;\">Calle 38 # 5 &#8211; 92<\/span><\/li><\/ul><p><span style=\"color: #8e8e8e; font-family: Raleway, sans-serif; font-size: 15px; font-style: normal; font-weight: 500; text-align: justify;\">Los taxistas y residentes suelen saber solamente el nombre de la calle pero no el n\u00famero.<\/span><br style=\"color: #8e8e8e; font-family: Raleway, sans-serif; font-size: 15px; text-align: justify;\" \/><span style=\"color: #8e8e8e; font-family: Raleway, sans-serif; font-size: 15px; font-style: normal; font-weight: 500; text-align: justify;\">Al contrario en los sitios web como Google Maps y las aplicaciones como Uber o EasyTaxi solamente figuran las calles por su n\u00famero, m\u00e1s no por su nombre.\u00a0<\/span><span style=\"color: #8e8e8e; font-family: Raleway, sans-serif; font-size: 15px; font-style: normal; font-weight: 500; text-align: justify;\"><br \/><\/span><\/p>\t\t\t\t\t\t\t\t<\/div>\n\t\t\t\t<\/div>\n\t\t\t\t<div class=\"elementor-element elementor-element-a949e23 elementor-widget elementor-widget-heading\" data-id=\"a949e23\" data-element_type=\"widget\" data-widget_type=\"heading.default\">\n\t\t\t\t<div class=\"elementor-widget-container\">\n\t\t\t\t\t<h3 class=\"elementor-heading-title elementor-size-default\">C\u00f3mo entrar a nuestro local:<\/h3>\t\t\t\t<\/div>\n\t\t\t\t<\/div>\n\t\t\t\t<section class=\"elementor-section elementor-inner-section elementor-element elementor-element-7084225 elementor-section-boxed elementor-section-height-default elementor-section-height-default\" data-id=\"7084225\" data-element_type=\"section\">\n\t\t\t\t\t\t<div class=\"elementor-container elementor-column-gap-default\">\n\t\t\t\t\t<div class=\"elementor-column elementor-col-50 elementor-inner-column elementor-element elementor-element-5d61a75\" data-id=\"5d61a75\" data-element_type=\"column\">\n\t\t\t<div class=\"elementor-widget-wrap elementor-element-populated\">\n\t\t\t\t\t\t<div class=\"elementor-element elementor-element-6f234ec elementor-widget elementor-widget-text-editor\" data-id=\"6f234ec\" data-element_type=\"widget\" data-widget_type=\"text-editor.default\">\n\t\t\t\t<div class=\"elementor-widget-container\">\n\t\t\t\t\t\t\t\t\t<p>La entrada es un port\u00f3n verde y tiene los n\u00fameros 5 - 92 escrito encima. Es un callej\u00f3n entre una casa azul y una casa blanca, ambos restaurantes.<\/p>\n<p>Toque el timbre al lado izquierdo y siga tocando cada 20 segundos ya que el intercomunicador se desconecta cada 20 segundos y ya no se puede contestar desde adentro.<\/p>\t\t\t\t\t\t\t\t<\/div>\n\t\t\t\t<\/div>\n\t\t\t\t\t<\/div>\n\t\t<\/div>\n\t\t\t\t<div class=\"elementor-column elementor-col-50 elementor-inner-column elementor-element elementor-element-508464f\" data-id=\"508464f\" data-element_type=\"column\">\n\t\t\t<div class=\"elementor-widget-wrap elementor-element-populated\">\n\t\t\t\t\t\t<div class=\"elementor-element elementor-element-812cdd7 elementor-widget elementor-widget-image\" data-id=\"812cdd7\" data-element_type=\"widget\" data-widget_type=\"image.default\">\n\t\t\t\t<div class=\"elementor-widget-container\">\n\t\t\t\t\t\t\t\t\t\t\t\t\t\t\t<img fetchpriority=\"high\" decoding=\"async\" width=\"1024\" height=\"785\" src=\"https:\/\/skykitchen.co\/wp-content\/uploads\/2021\/10\/portonSkyKitchenCartagena-1024x785.jpg\" class=\"attachment-large size-large wp-image-546\" alt=\"\" srcset=\"https:\/\/skykitchen.co\/wp-content\/uploads\/2021\/10\/portonSkyKitchenCartagena-1024x785.jpg 1024w, https:\/\/skykitchen.co\/wp-content\/uploads\/2021\/10\/portonSkyKitchenCartagena-300x230.jpg 300w, https:\/\/skykitchen.co\/wp-content\/uploads\/2021\/10\/portonSkyKitchenCartagena-768x589.jpg 768w, https:\/\/skykitchen.co\/wp-content\/uploads\/2021\/10\/portonSkyKitchenCartagena-1536x1178.jpg 1536w, https:\/\/skykitchen.co\/wp-content\/uploads\/2021\/10\/portonSkyKitchenCartagena-2048x1570.jpg 2048w, https:\/\/skykitchen.co\/wp-content\/uploads\/2021\/10\/portonSkyKitchenCartagena-16x12.jpg 16w\" sizes=\"(max-width: 1024px) 100vw, 1024px\" \/>\t\t\t\t\t\t\t\t\t\t\t\t\t\t\t<\/div>\n\t\t\t\t<\/div>\n\t\t\t\t\t<\/div>\n\t\t<\/div>\n\t\t\t\t\t<\/div>\n\t\t<\/section>\n\t\t\t\t<div class=\"elementor-element elementor-element-ff1c11b elementor-widget elementor-widget-heading\" data-id=\"ff1c11b\" data-element_type=\"widget\" data-widget_type=\"heading.default\">\n\t\t\t\t<div class=\"elementor-widget-container\">\n\t\t\t\t\t<h3 class=\"elementor-heading-title elementor-size-default\">Ubicaci\u00f3n en Maps:<\/h3>\t\t\t\t<\/div>\n\t\t\t\t<\/div>\n\t\t\t\t<div class=\"elementor-element elementor-element-72de403 elementor-widget elementor-widget-text-editor\" data-id=\"72de403\" data-element_type=\"widget\" data-widget_type=\"text-editor.default\">\n\t\t\t\t<div class=\"elementor-widget-container\">\n\t\t\t\t\t\t\t\t\t<p>Google maps link:\u00a0<span style=\"text-decoration: underline;\"><a style=\"font-size: 16px; font-weight: inherit; background-color: #ffffff;\" href=\"https:\/\/goo.gl\/maps\/PLsnAP7CKoGq6bXW7\">https:\/\/goo.gl\/maps\/PLsnAP7CKoGq6bXW7<\/a><\/span><\/p>\t\t\t\t\t\t\t\t<\/div>\n\t\t\t\t<\/div>\n\t\t\t\t\t<\/div>\n\t\t<\/div>\n\t\t\t\t\t<\/div>\n\t\t<\/section>\n\t\t\t\t<section class=\"elementor-section elementor-top-section elementor-element elementor-element-56d42b9b elementor-section-full_width elementor-section-height-default elementor-section-height-default\" data-id=\"56d42b9b\" data-element_type=\"section\">\n\t\t\t\t\t\t<div class=\"elementor-container elementor-column-gap-default\">\n\t\t\t\t\t<div class=\"elementor-column elementor-col-100 elementor-top-column elementor-element elementor-element-6513eb05\" data-id=\"6513eb05\" data-element_type=\"column\">\n\t\t\t<div class=\"elementor-widget-wrap elementor-element-populated\">\n\t\t\t\t\t\t<div class=\"elementor-element elementor-element-14675dc8 elementor-widget elementor-widget-google_maps\" data-id=\"14675dc8\" data-element_type=\"widget\" data-widget_type=\"google_maps.default\">\n\t\t\t\t<div class=\"elementor-widget-container\">\n\t\t\t\t\t\t\t<div class=\"elementor-custom-embed\">\n\t\t\t<iframe loading=\"lazy\"\n\t\t\t\t\tsrc=\"https:\/\/maps.google.com\/maps?q=Skykitchen%20Cartagena&#038;t=m&#038;z=16&#038;output=embed&#038;iwloc=near\"\n\t\t\t\t\ttitle=\"Skykitchen Cartagena\"\n\t\t\t\t\taria-label=\"Skykitchen Cartagena\"\n\t\t\t><\/iframe>\n\t\t<\/div>\n\t\t\t\t\t\t<\/div>\n\t\t\t\t<\/div>\n\t\t\t\t\t<\/div>\n\t\t<\/div>\n\t\t\t\t\t<\/div>\n\t\t<\/section>\n\t\t\t\t<\/div>","protected":false},"excerpt":{"rendered":"<p>Directions Address: SkyKitchenCalle del Estanco del Aguardiente 38 # 5 &#8211; 92Centro (Historic City Center)CartagenaBolivar (State) &#8212; Colombia Tip: if you use a Taxi App or a Maps App, it&#8217;s best to enter &#8216;SkyKitchen&#8217; into the search bar instead of the actual address. Important:When using the street address be aware that there are multiple ways [&hellip;]<\/p>","protected":false},"author":1,"featured_media":0,"parent":0,"menu_order":0,"comment_status":"closed","ping_status":"closed","template":"","meta":{"site-sidebar-layout":"no-sidebar","site-content-layout":"page-builder","ast-site-content-layout":"","site-content-style":"default","site-sidebar-style":"default","ast-global-header-display":"","ast-banner-title-visibility":"","ast-main-header-display":"","ast-hfb-above-header-display":"","ast-hfb-below-header-display":"","ast-hfb-mobile-header-display":"","site-post-title":"disabled","ast-breadcrumbs-content":"","ast-featured-img":"","footer-sml-layout":"","theme-transparent-header-meta":"enabled","adv-header-id-meta":"","stick-header-meta":"","header-above-stick-meta":"","header-main-stick-meta":"","header-below-stick-meta":"","astra-migrate-meta-layouts":"default","ast-page-background-enabled":"default","ast-page-background-meta":{"desktop":{"background-color":"","background-image":"","background-repeat":"repeat","background-position":"center center","background-size":"auto","background-attachment":"scroll","background-type":"","background-media":"","overlay-type":"","overlay-color":"","overlay-opacity":"","overlay-gradient":""},"tablet":{"background-color":"","background-image":"","background-repeat":"repeat","background-position":"center center","background-size":"auto","background-attachment":"scroll","background-type":"","background-media":"","overlay-type":"","overlay-color":"","overlay-opacity":"","overlay-gradient":""},"mobile":{"background-color":"","background-image":"","background-repeat":"repeat","background-position":"center center","background-size":"auto","background-attachment":"scroll","background-type":"","background-media":"","overlay-type":"","overlay-color":"","overlay-opacity":"","overlay-gradient":""}},"ast-content-background-meta":{"desktop":{"background-color":"var(--ast-global-color-5)","background-image":"","background-repeat":"repeat","background-position":"center center","background-size":"auto","background-attachment":"scroll","background-type":"","background-media":"","overlay-type":"","overlay-color":"","overlay-opacity":"","overlay-gradient":""},"tablet":{"background-color":"var(--ast-global-color-5)","background-image":"","background-repeat":"repeat","background-position":"center center","background-size":"auto","background-attachment":"scroll","background-type":"","background-media":"","overlay-type":"","overlay-color":"","overlay-opacity":"","overlay-gradient":""},"mobile":{"background-color":"var(--ast-global-color-5)","background-image":"","background-repeat":"repeat","background-position":"center center","background-size":"auto","background-attachment":"scroll","background-type":"","background-media":"","overlay-type":"","overlay-color":"","overlay-opacity":"","overlay-gradient":""}},"footnotes":""},"class_list":["post-501","page","type-page","status-publish","hentry"],"_links":{"self":[{"href":"https:\/\/skykitchen.co\/es\/wp-json\/wp\/v2\/pages\/501","targetHints":{"allow":["GET"]}}],"collection":[{"href":"https:\/\/skykitchen.co\/es\/wp-json\/wp\/v2\/pages"}],"about":[{"href":"https:\/\/skykitchen.co\/es\/wp-json\/wp\/v2\/types\/page"}],"author":[{"embeddable":true,"href":"https:\/\/skykitchen.co\/es\/wp-json\/wp\/v2\/users\/1"}],"replies":[{"embeddable":true,"href":"https:\/\/skykitchen.co\/es\/wp-json\/wp\/v2\/comments?post=501"}],"version-history":[{"count":32,"href":"https:\/\/skykitchen.co\/es\/wp-json\/wp\/v2\/pages\/501\/revisions"}],"predecessor-version":[{"id":599,"href":"https:\/\/skykitchen.co\/es\/wp-json\/wp\/v2\/pages\/501\/revisions\/599"}],"wp:attachment":[{"href":"https:\/\/skykitchen.co\/es\/wp-json\/wp\/v2\/media?parent=501"}],"curies":[{"name":"wp","href":"https:\/\/api.w.org\/{rel}","templated":true}]}}